{"id":26563,"date":"2015-10-20T16:30:39","date_gmt":"2015-10-20T16:30:39","guid":{"rendered":"http:\/\/www.odsalling.orgen\/ensinamentos\/para-ouvir\/"},"modified":"2018-08-28T13:20:27","modified_gmt":"2018-08-28T13:20:27","slug":"para-ouvir","status":"publish","type":"page","link":"https:\/\/odsalling.brdominio.com\/en\/ensinamentos\/para-ouvir\/","title":{"rendered":"Para ouvir"},"content":{"rendered":"<div class=\"row \"><div class=\"wpv-grid grid-1-1  wpv-first-level first unextended\" style=\"padding-top:0px;padding-bottom:0px\" id=\"wpv-column-f55dbf47840f30165d8db7b46f2935a8\" ><div class=\"row \"><div class=\"wpv-grid grid-1-1  first unextended\" style=\"padding-top:0px;padding-bottom:0px\" id=\"wpv-column-2024d7bd9d33f469daa628c212272a29\" ><h4><strong><a class=\"soundTitle__title sc-link-dark\" href=\"https:\/\/soundcloud.com\/odsalling\/sets\/ensinamentos-abertos-de\"><span class=\"\">Ensinamentos abertos de domingo - com tradu\u00e7\u00e3o consecutiva<\/span>\u00a0<\/a><\/strong><\/h4>\n<p><iframe loading=\"lazy\" src=\"https:\/\/w.soundcloud.com\/player\/?url=https%3A\/\/api.soundcloud.com\/playlists\/560595930%3Fsecret_token%3Ds-MWPvA&amp;color=%23d14d42&amp;auto_play=false&amp;hide_related=false&amp;show_comments=true&amp;show_user=true&amp;show_reposts=false&amp;show_teaser=true\" width=\"100%\" height=\"450\" frameborder=\"no\" scrolling=\"no\"><\/iframe><\/p>\n<hr \/>\n<h4><strong><a class=\"soundTitle__title sc-link-dark\" href=\"https:\/\/soundcloud.com\/odsalling\/sets\/os-quatro-pensamentos-com\"><span class=\"\">Os quatro pensamentos - com tradu\u00e7\u00e3o consecutiva<\/span>\u00a0<\/a><\/strong><\/h4>\n<p><iframe loading=\"lazy\" src=\"https:\/\/w.soundcloud.com\/player\/?url=https%3A\/\/api.soundcloud.com\/playlists\/559362555%3Fsecret_token%3Ds-JeSD3&amp;color=%23d14d42&amp;auto_play=false&amp;hide_related=false&amp;show_comments=true&amp;show_user=true&amp;show_reposts=false&amp;show_teaser=true\" width=\"100%\" height=\"450\" frameborder=\"no\" scrolling=\"no\"><\/iframe><\/p>\n<hr \/>\n<h4><strong><a class=\"soundTitle__title sc-link-dark\" href=\"https:\/\/soundcloud.com\/odsalling\/sets\/introducao-ao-budismo-com\"><span class=\"\">Introdu\u00e7\u00e3o ao budismo - com tradu\u00e7\u00e3o consecutiva<\/span>\u00a0<\/a><\/strong><\/h4>\n<p><iframe loading=\"lazy\" src=\"https:\/\/w.soundcloud.com\/player\/?url=https%3A\/\/api.soundcloud.com\/playlists\/559361568%3Fsecret_token%3Ds-5ylHA&amp;color=%23d14d42&amp;auto_play=false&amp;hide_related=false&amp;show_comments=true&amp;show_user=true&amp;show_reposts=false&amp;show_teaser=true\" width=\"100%\" height=\"450\" frameborder=\"no\" scrolling=\"no\"><\/iframe><\/p>\n<hr \/>\n<h4><strong>\u00a0<a class=\"soundTitle__title sc-link-dark\" href=\"https:\/\/soundcloud.com\/odsalling\/sets\/top-05-youtube\"><span class=\"\">Top 05 Youtube<\/span>\u00a0<\/a><\/strong><\/h4>\n<p><iframe loading=\"lazy\" src=\"https:\/\/w.soundcloud.com\/player\/?url=https%3A\/\/api.soundcloud.com\/playlists\/558782709%3Fsecret_token%3Ds-O4Lis&amp;color=%23d14d42&amp;auto_play=false&amp;hide_related=false&amp;show_comments=true&amp;show_user=true&amp;show_reposts=false&amp;show_teaser=true\" width=\"100%\" height=\"450\" frameborder=\"no\" scrolling=\"no\"><\/iframe><\/p>\n<hr \/>\n<h4><strong><a class=\"soundTitle__title sc-link-dark\" href=\"https:\/\/soundcloud.com\/odsalling\/sets\/podcasts-classicos\"><span class=\"\">Podcasts Cl\u00e1ssicos<\/span>\u00a0<\/a><\/strong><\/h4>\n<p><iframe loading=\"lazy\" src=\"https:\/\/w.soundcloud.com\/player\/?url=https%3A\/\/api.soundcloud.com\/playlists\/555890283%3Fsecret_token%3Ds-KbQym&amp;color=%23d14d42&amp;auto_play=false&amp;hide_related=false&amp;show_comments=true&amp;show_user=true&amp;show_reposts=false&amp;show_teaser=true\" width=\"100%\" height=\"450\" frameborder=\"no\" scrolling=\"no\"><\/iframe><\/p>\n<hr \/>\n<h4><strong><a class=\"soundTitle__title sc-link-dark\" href=\"https:\/\/soundcloud.com\/odsalling\/sets\/as-quatro-incomensuraveis-com\"><span class=\"\">As quatro incomensur\u00e1veis - com Lama Norbu<\/span>\u00a0<\/a><\/strong><\/h4>\n<p><iframe loading=\"lazy\" src=\"https:\/\/w.soundcloud.com\/player\/?url=https%3A\/\/api.soundcloud.com\/playlists\/555889863%3Fsecret_token%3Ds-iEpRS&amp;color=%23d14d42&amp;auto_play=false&amp;hide_related=false&amp;show_comments=true&amp;show_user=true&amp;show_reposts=false&amp;show_teaser=true\" width=\"100%\" height=\"450\" frameborder=\"no\" scrolling=\"no\"><\/iframe><\/p>\n<hr \/>\n<h4><strong><a class=\"soundTitle__title sc-link-dark\" href=\"https:\/\/soundcloud.com\/odsalling\/sets\/como-meditar\"><span class=\"\">Como meditar \u2013 com tradu\u00e7\u00e3o consecutiva<\/span>\u00a0<\/a><\/strong><\/h4>\n<p><iframe loading=\"lazy\" src=\"https:\/\/w.soundcloud.com\/player\/?url=https%3A\/\/api.soundcloud.com\/playlists\/555865254%3Fsecret_token%3Ds-6AnEl&amp;color=%23d14d42&amp;auto_play=false&amp;hide_related=false&amp;show_comments=true&amp;show_user=true&amp;show_reposts=false&amp;show_teaser=true\" width=\"100%\" height=\"450\" frameborder=\"no\" scrolling=\"no\"><\/iframe><\/div><\/div><\/div><\/div>\n","protected":false},"excerpt":{"rendered":"<p>Ensinamentos abertos de domingo &#8211; com tradu\u00e7\u00e3o consecutiva\u00a0 Os quatro pensamentos &#8211; com tradu\u00e7\u00e3o consecutiva\u00a0 Introdu\u00e7\u00e3o ao budismo &#8211; com tradu\u00e7\u00e3o consecutiva\u00a0 \u00a0Top 05 Youtube\u00a0 Podcasts Cl\u00e1ssicos\u00a0 As quatro incomensur\u00e1veis &#8211; com Lama Norbu\u00a0 Como meditar \u2013 com tradu\u00e7\u00e3o consecutiva\u00a0 [\/column_1]<\/p>\n","protected":false},"author":3,"featured_media":0,"parent":26555,"menu_order":0,"comment_status":"closed","ping_status":"closed","template":"","meta":{"footnotes":""},"_links":{"self":[{"href":"https:\/\/odsalling.brdominio.com\/en\/wp-json\/wp\/v2\/pages\/26563"}],"collection":[{"href":"https:\/\/odsalling.brdominio.com\/en\/wp-json\/wp\/v2\/pages"}],"about":[{"href":"https:\/\/odsalling.brdominio.com\/en\/wp-json\/wp\/v2\/types\/page"}],"author":[{"embeddable":true,"href":"https:\/\/odsalling.brdominio.com\/en\/wp-json\/wp\/v2\/users\/3"}],"replies":[{"embeddable":true,"href":"https:\/\/odsalling.brdominio.com\/en\/wp-json\/wp\/v2\/comments?post=26563"}],"version-history":[{"count":2,"href":"https:\/\/odsalling.brdominio.com\/en\/wp-json\/wp\/v2\/pages\/26563\/revisions"}],"predecessor-version":[{"id":39361,"href":"https:\/\/odsalling.brdominio.com\/en\/wp-json\/wp\/v2\/pages\/26563\/revisions\/39361"}],"up":[{"embeddable":true,"href":"https:\/\/odsalling.brdominio.com\/en\/wp-json\/wp\/v2\/pages\/26555"}],"wp:attachment":[{"href":"https:\/\/odsalling.brdominio.com\/en\/wp-json\/wp\/v2\/media?parent=26563"}],"curies":[{"name":"wp","href":"https:\/\/api.w.org\/{rel}","templated":true}]}}