{"id":26559,"date":"2015-11-02T18:45:52","date_gmt":"2015-11-02T18:45:52","guid":{"rendered":"http:\/\/www.odsalling.orgen\/centros-de-pratica-2\/templo-odsal-ling\/"},"modified":"2023-05-13T19:57:45","modified_gmt":"2023-05-13T22:57:45","slug":"templo-odsal-ling-2","status":"publish","type":"page","link":"https:\/\/odsalling.brdominio.com\/en\/about-us\/centros-de-pratica-2\/templo-odsal-ling-2\/","title":{"rendered":"Odsal Ling Temple"},"content":{"rendered":"<div class=\"row \"><div class=\"wpv-grid grid-1-1  wpv-first-level first unextended\" style=\"padding-top:0px;padding-bottom:0px\" id=\"wpv-column-3fe6bc6babe87bb54017a9ea7ed4d3ea\" ><div class=\"row \"><div class=\"wpv-grid grid-1-1  first unextended\" style=\"padding-top:0px;padding-bottom:0px\" id=\"wpv-column-f9cd8487470c218d344ef7ba9170f1a8\" ><h3><span class=\"lama_texto1\">Built in a lovely semirural area in Cotia, Odsal Ling Temple is a authentic example of Tibetan architecture, integrated with modern elements.<\/span><\/h3>\n<h3><span class=\"lama_texto1\">The official residence of Lama Tsering and Lama Norbu, the Temple is Odsal Ling\u2019s main practice center, offering teachings, retreats and elaborate ceremonies in accordance with Vajrayana Buddhism.<\/span><span class=\"lama_texto1\"><br \/>\n<\/span><br \/>\n<span class=\"lama_texto1\">While the activities at the Temple are meant for Buddhist practitioners, beginners are always welcome.<\/span><\/h3><\/div><\/div>\n<div class=\"sep\"><\/div>\n<div class=\"row \"><div class=\"wpv-grid grid-1-2  first unextended\" style=\"padding-top:0px;padding-bottom:0px\" id=\"wpv-column-97ebb52fd21d1f6908b3e8ce24bf2817\" ><\/div>\n<div class=\"wpv-grid grid-1-2  unextended\" style=\"padding-top:0px;padding-bottom:0px\" id=\"wpv-column-d854fe52e881329fe9a1a40826d03f05\" ><\/div><\/div>\n<div class=\"sep\"><\/div>\n<div class=\"row \"><div class=\"wpv-grid grid-1-1  first unextended\" style=\"padding-top:0px;padding-bottom:0px\" id=\"wpv-column-7837193a57f8c1c8610b3cd3596af401\" ><p><iframe loading=\"lazy\" src=\"https:\/\/player.vimeo.com\/video\/176593113\" width=\"640\" height=\"360\" frameborder=\"0\" allowfullscreen=\"allowfullscreen\"><\/iframe><\/p>\n<p><a href=\"https:\/\/vimeo.com\/176593113\">Odsal Ling (Place of Clear Light)<\/a> from <a href=\"https:\/\/vimeo.com\/user17507412\">Sweet Films<\/a> on <a href=\"https:\/\/vimeo.com\">Vimeo<\/a>.<\/div><\/div>\n<div class=\"sep\"><\/div>\n<div class=\"row \"><div class=\"wpv-grid grid-1-1  first unextended\" style=\"padding-top:0px;padding-bottom:0px\" id=\"wpv-column-b2207726891cd0bd4a3ddbee46865c3c\" ><div class=\"scrollable-wrapper\">\n<section class=\"portfolios  scroll-x title-false no-description \" id=\"69fb6152d9f0f\">\n\t\t<ul class=\"clearfix  portfolio-items\" data-columns=\"4\">\n\t\t<li data-id=\"26841\" data-type=\"chagdud-rinpoche-en\" class=\"no-title no-description  has-button state-closed\">\n\t<div class=\"portfolio-item-wrapper\">\n\t\t\t\t<div class=\"portfolio_image\">\n\t\t\t<div class=\"thumbnail\" style=\"max-height:400px\">\n\t\t\t\t\t\t\t\t\t\t<img loading=\"lazy\" decoding=\"async\" width=\"262\" height=\"175\" src=\"https:\/\/odsalling.brdominio.com\/wp-content\/uploads\/2015\/10\/CTR-13-262x175.jpg\" class=\"attachment-portfolio-loop-4 size-portfolio-loop-4 wp-post-image\" alt=\"\" srcset=\"https:\/\/odsalling.brdominio.com\/wp-content\/uploads\/2015\/10\/CTR-13-262x175.jpg 262w, https:\/\/odsalling.brdominio.com\/wp-content\/uploads\/2015\/10\/CTR-13-555x370.jpg 555w, https:\/\/odsalling.brdominio.com\/wp-content\/uploads\/2015\/10\/CTR-13-360x240.jpg 360w\" sizes=\"(max-width: 262px) 100vw, 262px\" \/>\t\t\t\t\t\t\t<\/div><!-- \/ .thumbnail -->\n\t\t<\/div>\n\n\t\t\n\t\t\t\t\t<span class=\"thumbnail-overlay\">\n\t\t\t\t<span class=\"meta\">\n\t\t\t\t\t\t\t\t\t\t<div class=\"more-button \">\n\t\t\t\t\t\t<a class=\"button button-border accent1 hover-accent1  gallery\" target=\"_self\" href=\"https:\/\/odsalling.brdominio.com\/en\/portfolio\/h-e-chagdud-tulku-rinpoche\/\"  rel=\"portfolio_693\">\n\t\t\t\t\t\t\tMore\t\t\t\t\t\t<\/a>\n\t\t\t\t\t<\/div>\n\t\t\t\t\t\t\t\t\t<\/span>\n\t\t\t<\/span>\n\t\t\t\t\t\t<\/div>\n<\/li><li data-id=\"26842\" data-type=\"2015-en\" class=\"no-title no-description  has-button state-closed\">\n\t<div class=\"portfolio-item-wrapper\">\n\t\t\t\t<div class=\"portfolio_image\">\n\t\t\t<div class=\"thumbnail\" style=\"max-height:400px\">\n\t\t\t\t\t\t\t\t\t\t<img loading=\"lazy\" decoding=\"async\" width=\"262\" height=\"175\" src=\"https:\/\/odsalling.brdominio.com\/wp-content\/uploads\/2015\/10\/OdsalLing_100miltsogs_2015_33-262x175.jpg\" class=\"attachment-portfolio-loop-4 size-portfolio-loop-4 wp-post-image\" alt=\"\" srcset=\"https:\/\/odsalling.brdominio.com\/wp-content\/uploads\/2015\/10\/OdsalLing_100miltsogs_2015_33-262x175.jpg 262w, https:\/\/odsalling.brdominio.com\/wp-content\/uploads\/2015\/10\/OdsalLing_100miltsogs_2015_33-600x400.jpg 600w, https:\/\/odsalling.brdominio.com\/wp-content\/uploads\/2015\/10\/OdsalLing_100miltsogs_2015_33-300x200.jpg 300w, https:\/\/odsalling.brdominio.com\/wp-content\/uploads\/2015\/10\/OdsalLing_100miltsogs_2015_33-1024x682.jpg 1024w, https:\/\/odsalling.brdominio.com\/wp-content\/uploads\/2015\/10\/OdsalLing_100miltsogs_2015_33-1140x760.jpg 1140w, https:\/\/odsalling.brdominio.com\/wp-content\/uploads\/2015\/10\/OdsalLing_100miltsogs_2015_33-555x370.jpg 555w, https:\/\/odsalling.brdominio.com\/wp-content\/uploads\/2015\/10\/OdsalLing_100miltsogs_2015_33-360x240.jpg 360w, https:\/\/odsalling.brdominio.com\/wp-content\/uploads\/2015\/10\/OdsalLing_100miltsogs_2015_33.jpg 1280w\" sizes=\"(max-width: 262px) 100vw, 262px\" \/>\t\t\t\t\t\t\t<\/div><!-- \/ .thumbnail -->\n\t\t<\/div>\n\n\t\t\n\t\t\t\t\t<span class=\"thumbnail-overlay\">\n\t\t\t\t<span class=\"meta\">\n\t\t\t\t\t\t\t\t\t\t<div class=\"more-button \">\n\t\t\t\t\t\t<a class=\"button button-border accent1 hover-accent1  gallery\" target=\"_self\" href=\"https:\/\/odsalling.brdominio.com\/en\/portfolio\/100-mil-tsogs-2015\/\"  rel=\"portfolio_693\">\n\t\t\t\t\t\t\tMore\t\t\t\t\t\t<\/a>\n\t\t\t\t\t<\/div>\n\t\t\t\t\t\t\t\t\t<\/span>\n\t\t\t<\/span>\n\t\t\t\t\t\t<\/div>\n<\/li><li data-id=\"26912\" data-type=\"2008-en\" class=\"no-title no-description  has-button state-closed\">\n\t<div class=\"portfolio-item-wrapper\">\n\t\t\t\t<div class=\"portfolio_image\">\n\t\t\t<div class=\"thumbnail\" style=\"max-height:400px\">\n\t\t\t\t\t\t\t\t\t\t<img loading=\"lazy\" decoding=\"async\" width=\"262\" height=\"175\" src=\"https:\/\/odsalling.brdominio.com\/wp-content\/uploads\/2015\/10\/45DKR-bejeweled-262x175.jpg\" class=\"attachment-portfolio-loop-4 size-portfolio-loop-4 wp-post-image\" alt=\"\" srcset=\"https:\/\/odsalling.brdominio.com\/wp-content\/uploads\/2015\/10\/45DKR-bejeweled-262x175.jpg 262w, https:\/\/odsalling.brdominio.com\/wp-content\/uploads\/2015\/10\/45DKR-bejeweled-600x400.jpg 600w, https:\/\/odsalling.brdominio.com\/wp-content\/uploads\/2015\/10\/45DKR-bejeweled-300x200.jpg 300w, https:\/\/odsalling.brdominio.com\/wp-content\/uploads\/2015\/10\/45DKR-bejeweled-555x370.jpg 555w, https:\/\/odsalling.brdominio.com\/wp-content\/uploads\/2015\/10\/45DKR-bejeweled-360x240.jpg 360w, https:\/\/odsalling.brdominio.com\/wp-content\/uploads\/2015\/10\/45DKR-bejeweled.jpg 1000w\" sizes=\"(max-width: 262px) 100vw, 262px\" \/>\t\t\t\t\t\t\t<\/div><!-- \/ .thumbnail -->\n\t\t<\/div>\n\n\t\t\n\t\t\t\t\t<span class=\"thumbnail-overlay\">\n\t\t\t\t<span class=\"meta\">\n\t\t\t\t\t\t\t\t\t\t<div class=\"more-button \">\n\t\t\t\t\t\t<a class=\"button button-border accent1 hover-accent1  gallery\" target=\"_self\" href=\"https:\/\/odsalling.brdominio.com\/en\/portfolio\/consagracao-do-templo-2008\/\"  rel=\"portfolio_693\">\n\t\t\t\t\t\t\tMore\t\t\t\t\t\t<\/a>\n\t\t\t\t\t<\/div>\n\t\t\t\t\t\t\t\t\t<\/span>\n\t\t\t<\/span>\n\t\t\t\t\t\t<\/div>\n<\/li><li data-id=\"26916\" data-type=\"2004-en\" class=\"no-title no-description  has-button state-closed\">\n\t<div class=\"portfolio-item-wrapper\">\n\t\t\t\t<div class=\"portfolio_image\">\n\t\t\t<div class=\"thumbnail\" style=\"max-height:400px\">\n\t\t\t\t\t\t\t\t\t\t<img loading=\"lazy\" decoding=\"async\" width=\"262\" height=\"175\" src=\"https:\/\/odsalling.brdominio.com\/wp-content\/uploads\/2015\/10\/stupa_completa-262x175.jpg\" class=\"attachment-portfolio-loop-4 size-portfolio-loop-4 wp-post-image\" alt=\"\" \/>\t\t\t\t\t\t\t<\/div><!-- \/ .thumbnail -->\n\t\t<\/div>\n\n\t\t\n\t\t\t\t\t<span class=\"thumbnail-overlay\">\n\t\t\t\t<span class=\"meta\">\n\t\t\t\t\t\t\t\t\t\t<div class=\"more-button \">\n\t\t\t\t\t\t<a class=\"button button-border accent1 hover-accent1  gallery\" target=\"_self\" href=\"https:\/\/odsalling.brdominio.com\/en\/portfolio\/estupa-de-chagdud-rinpoche-2004\/\"  rel=\"portfolio_693\">\n\t\t\t\t\t\t\tMore\t\t\t\t\t\t<\/a>\n\t\t\t\t\t<\/div>\n\t\t\t\t\t\t\t\t\t<\/span>\n\t\t\t<\/span>\n\t\t\t\t\t\t<\/div>\n<\/li>\t<\/ul>\n\t<\/section>\n<\/div><\/div><\/div>\n<div class=\"sep\"><\/div><\/div><\/div>\n<div class=\"row \"><div class=\"wpv-grid grid-1-1  wpv-first-level first unextended\" style=\"padding-top:0px;padding-bottom:0px\" id=\"wpv-column-7a2d1847235a289352c7ba6b9f9dca3e\" ><div class=\"row \"><div class=\"wpv-grid grid-1-3  first unextended\" style=\"padding-top:0px;padding-bottom:0px\" id=\"wpv-column-864f8a5344d83876aa18f1efc9437845\" ><div class=\"scrollable-wrapper\">\n<section class=\"portfolios  scroll-x title-false no-description \" id=\"69fb6152e1fe9\">\n\t\t<ul class=\"clearfix  portfolio-items\" data-columns=\"1\">\n\t\t<li data-id=\"26916\" data-type=\"2004-en\" class=\"no-title no-description  has-button state-closed\">\n\t<div class=\"portfolio-item-wrapper\">\n\t\t\t\t<div class=\"portfolio_image\">\n\t\t\t<div class=\"thumbnail\" style=\"max-height:400px\">\n\t\t\t\t\t\t\t\t\t\t<img loading=\"lazy\" decoding=\"async\" width=\"300\" height=\"400\" src=\"https:\/\/odsalling.brdominio.com\/wp-content\/uploads\/2015\/10\/stupa_completa.jpg\" class=\"attachment-portfolio-loop-1 size-portfolio-loop-1 wp-post-image\" alt=\"\" srcset=\"https:\/\/odsalling.brdominio.com\/wp-content\/uploads\/2015\/10\/stupa_completa.jpg 300w, https:\/\/odsalling.brdominio.com\/wp-content\/uploads\/2015\/10\/stupa_completa-225x300.jpg 225w, https:\/\/odsalling.brdominio.com\/wp-content\/uploads\/2015\/10\/stupa_completa-262x349.jpg 262w\" sizes=\"(max-width: 300px) 100vw, 300px\" \/>\t\t\t\t\t\t\t<\/div><!-- \/ .thumbnail -->\n\t\t<\/div>\n\n\t\t\n\t\t\t\t\t<span class=\"thumbnail-overlay\">\n\t\t\t\t<span class=\"meta\">\n\t\t\t\t\t\t\t\t\t\t<div class=\"more-button \">\n\t\t\t\t\t\t<a class=\"button button-border accent1 hover-accent1  gallery\" target=\"_self\" href=\"https:\/\/odsalling.brdominio.com\/en\/portfolio\/estupa-de-chagdud-rinpoche-2004\/\"  rel=\"portfolio_79\">\n\t\t\t\t\t\t\tMore\t\t\t\t\t\t<\/a>\n\t\t\t\t\t<\/div>\n\t\t\t\t\t\t\t\t\t<\/span>\n\t\t\t<\/span>\n\t\t\t\t\t\t<\/div>\n<\/li>\t<\/ul>\n\t<\/section>\n<\/div><\/div>\n<div class=\"wpv-grid grid-2-3  unextended\" style=\"padding-top:0px;padding-bottom:0px\" id=\"wpv-column-9325aacec20f30368df9a856e0f2506d\" ><h4>Stupa of\u00a0 H.E. Chagdud Tulku Rinpoche<\/h4>\n<p>A stupa is a repository of sacred relics, offerings, mantras and many other items that generate an enormous number of blessings.\u00a0The shape of the stupa is symbolic of the various levels on the path to enlightenment, for this reason, simply by looking at it we receive the seeds of liberation in our hearts.<\/p>\n<p>Our red stupa, in particular, contains the relics of our revered teacher, H.E. Chagdud Tulku Rinpoche. Many of the members of the sangha worked diligently at every step of its construction \u2013 from the accumulation of mantras to the preparation of the offerings for its consecration.<\/p>\n<p>Working on the stupa was a regenerating process for all of us. Whatever we needed to complete a task simply manifested itself, in a miraculous way. We constantly felt like we were seeking the Rinpoche\u2019s affectionate approval.\u00a0Even those who were unable to help us, just by being in the same room as the stupa, could already feel the power of Rinpoche\u2019s enlightened intentions.<\/div><\/div><\/div><\/div>\n\t\t<div class=\"sep-text single centered\">\n\t\t\t\t\t\t\t<span class=\"sep-text-before\"><div class=\"sep-text-line\"><\/div><\/span>\n\t\t\t\t\t\t<div class=\"content\">\n\t\t\t\t<h2 class=\"text-divider-double\">\nPractical Informations<\/h2>\t\t\t<\/div>\n\t\t\t<span class=\"sep-text-after\"><div class=\"sep-text-line\"><\/div><\/span>\n\t\t\t\t\t<\/div>\n\t\n<div class=\"row \"><div class=\"wpv-grid grid-1-1  wpv-first-level first unextended\" style=\"padding-top:0px;padding-bottom:0px\" id=\"wpv-column-932b6502b85e2b51980bc09a40657a95\" ><div class=\"row \"><div class=\"wpv-grid grid-1-2  first unextended\" style=\"padding-top:0px;padding-bottom:0px\" id=\"wpv-column-c566bdd347f9f29842d469027051f8fb\" ><div class=\"row \"><div class=\"wpv-grid grid-5-6  first unextended\" style=\"padding-top:0px;padding-bottom:0px\" id=\"wpv-column-dda10525a442a1153f084f63e6fec763\" ><div>\n<h4><strong><span class=\"lama_titulo2\">Location<\/span><\/strong><\/h4>\n<p>\"Ref\u00fagio\" (The Refuge), as the plot of land where the Temple is located has been affectionately named, is located in Cotia, in the suburbs, approximately 30 km from S\u00e3o Paulo.<br \/>\n<a href=\"https:\/\/odsalling.brdominio.comen\/sobre-nos\/centros-de-pratica-2\/templo-odsal-ling\/como-chegar-ao-templo\/\">How to get there<\/a><\/p>\n<h4><strong><span class=\"lama_titulo2\">Travel documents<\/span><\/strong><\/h4>\n<p>Most foreign visitors will need a visa and passport in order to enter Brazil. Further information is available at the Brazilian Embassy or Consulate in your country.<\/p>\n<h4>Climate<\/h4>\n<p>The climate in the region is generally comfortable, with an average temperature of approximately 20\u00baC. In the summer, during the months of December through March, the temperature can exceed 30\u00baC. In the winter, from July to September, the temperature can drop to 10\u00baC.<\/p>\n<h4>Clothing<\/h4>\n<p>Be prepared for sun and rain. We also request that students use traditional ceremonial dress (chuba and zen) during practice sessions and ceremonies. You may purchase these items in our store.<\/p>\n<h4><strong><span class=\"lama_titulo2\">Accommodations<\/span><\/strong><\/h4>\n<p><span class=\"lama_texto1\">Accommodation is available on the Temple grounds, subject to availability (\u00a0<\/span><a class=\"lama_link3\" href=\"mailto:eventos@odsalling.org\">eventos@odsalling.org<\/a><span class=\"lama_texto1\">\u00a0).<\/span><\/p>\n<h4><strong><span class=\"lama_titulo2\">Meals<\/span><\/strong><\/h4>\n<p>In general, the meals served comprise common Brazilian dishes like, rice, salad, beans, meat, vegetables and casseroles \u2013 always with at least one vegetarian option.<\/p>\n<h4><strong><span class=\"lama_titulo2\">Regular practices<\/span><\/strong><\/h4>\n<\/div>\n<div>\n<p>Red Tara, Vajrakilaya, Dharma Protectors, Lion-Faced Dakini and Ch\u00f6d Feast practices are held daily. You should bring your own practice materials. We also recommend that you bring your own cushion.<\/p>\n<h4><span class=\"lama_titulo2\"><strong>Practice items<\/strong><\/span><\/h4>\n<p>Bring your bell, dorje, damaru and Ch\u00f6d drum. During Red Tara practice, we use mandala pans for offerings.<\/p>\n<\/div><\/div><\/div><\/div>\n<div class=\"wpv-grid grid-1-2  unextended\" style=\"padding-top:0px;padding-bottom:0px\" id=\"wpv-column-446588701f6dd5988e1146984f1d7be2\" ><div class=\"row \"><div class=\"wpv-grid grid-5-6  first unextended\" style=\"padding-top:0px;padding-bottom:0px\" id=\"wpv-column-cfef51f2d3859ddaf7d0783b6a61ba35\" ><h4><span class=\"lama_titulo2\">Mandala Store<\/span><\/h4>\n<p>The Mandala works in the Odsal Ling Temple and offers practical items, books, vestments and religious art objects.<\/p>\n<p>You can do your shopping in person - Saturdays and Sundays from 10am to 16pm - or at our online store:<br \/>\n<a href=\"http:\/\/www.mandala.com.br\">http:\/\/www.mandala.com.br<\/a><\/p>\n<h4><strong>Transportation<\/strong><\/h4>\n<p><span class=\"lama_texto1\">We do not provide transportation, but we can help you with phone numbers for taxi service and directions on how to get here. Please contact us in advance at: <\/span><a href=\"mailto:secretaria@odsalling.org\">secretaria@odsalling.org<\/a><\/p>\n<h4><span class=\"lama_titulo2\"><strong>Additional activities<\/strong><\/span><\/h4>\n<p>The cost of an additional activities at Odsal Ling (empowerments and certain teachings) are not included in the cost of accommodation.<\/p>\n<h4><span class=\"lama_titulo2\">Library<\/span><\/h4>\n<p><span class=\"lama_texto1\">More than 300 books cataloged in different categories of Buddhism. For members and practitioners. Consult a staff member. <\/span><\/p>\n<h4><strong>Smoking<\/strong><\/h4>\n<p>Like all Chagdud Gonpa centers throughout the world, smoking is strictly prohibited.<\/p>\n<h4><span class=\"lama_titulo2\">Pets<\/span><\/h4>\n<p>We kindly request that you do not bring your pet to Odsal Ling.<\/p>\n<h4><span class=\"lama_titulo2\">Khadro Ling<\/span><\/h4>\n<p><span class=\"lama_texto1\">Khadro Ling is the main center of Chagdud Gonpa Brasil. It is located in Tr\u00eas Coroas, in the state of Rio Grande do Sul. Departing from S\u00e3o Paulo, the flight to Porto Alegre takes approximately 90 minutes. From there, it is approximately 2 hours to Tr\u00eas Coroas by bus. The trip from S\u00e3o Paulo to Porto Alegre by bus is approximately 18 hours. If you plan to visit Khadro Ling, we can provide you with more detailed information. You can also consult <a href=\"http:\/\/br.chagdud.org\/\">Khadro Ling's website<\/a>.<\/span><\/div><\/div><\/div><\/div><\/div><\/div>\n","protected":false},"excerpt":{"rendered":"<p>February, 19 to August 9, 2005<\/p>\n","protected":false},"author":3,"featured_media":0,"parent":25453,"menu_order":0,"comment_status":"closed","ping_status":"closed","template":"","meta":{"footnotes":""},"_links":{"self":[{"href":"https:\/\/odsalling.brdominio.com\/en\/wp-json\/wp\/v2\/pages\/26559"}],"collection":[{"href":"https:\/\/odsalling.brdominio.com\/en\/wp-json\/wp\/v2\/pages"}],"about":[{"href":"https:\/\/odsalling.brdominio.com\/en\/wp-json\/wp\/v2\/types\/page"}],"author":[{"embeddable":true,"href":"https:\/\/odsalling.brdominio.com\/en\/wp-json\/wp\/v2\/users\/3"}],"replies":[{"embeddable":true,"href":"https:\/\/odsalling.brdominio.com\/en\/wp-json\/wp\/v2\/comments?post=26559"}],"version-history":[{"count":8,"href":"https:\/\/odsalling.brdominio.com\/en\/wp-json\/wp\/v2\/pages\/26559\/revisions"}],"predecessor-version":[{"id":193164,"href":"https:\/\/odsalling.brdominio.com\/en\/wp-json\/wp\/v2\/pages\/26559\/revisions\/193164"}],"up":[{"embeddable":true,"href":"https:\/\/odsalling.brdominio.com\/en\/wp-json\/wp\/v2\/pages\/25453"}],"wp:attachment":[{"href":"https:\/\/odsalling.brdominio.com\/en\/wp-json\/wp\/v2\/media?parent=26559"}],"curies":[{"name":"wp","href":"https:\/\/api.w.org\/{rel}","templated":true}]}}