{"id":25398,"date":"2015-08-23T17:27:25","date_gmt":"2015-08-23T17:27:25","guid":{"rendered":"http:\/\/novosite.odsalling.org\/en\/primeiros-passos\/"},"modified":"2020-11-06T20:15:49","modified_gmt":"2020-11-06T23:15:49","slug":"first-steps","status":"publish","type":"page","link":"https:\/\/odsalling.brdominio.com\/en\/about-us\/first-steps\/","title":{"rendered":"First Steps"},"content":{"rendered":"<p>[vc_row][vc_column][vc_column_text]<div class=\"row \"><div class=\"wpv-grid grid-1-1  wpv-first-level first unextended\" style=\"padding-top:0px;padding-bottom:0px\" id=\"wpv-column-f65b2b10127bd416bed0cf1c848269ce\" ><div class=\"wpv-accordion-wrapper\"><div class=\"accordion\" data-collapsible=\"1\"><h4 class=\"tab\"><div class=\"inner\">Where do I start?<\/div><\/h4><div class=\"pane\"><div class=\"inner\"><div class=\"row \"><div class=\"wpv-grid grid-1-1  first unextended\" style=\"padding-top:0px;padding-bottom:0px\" id=\"wpv-column-a9a2e25e403c572f97b37e7507088d85\" ><p><span style=\"font-weight: 400;\">You have come this far. And now, what is the next step?<\/span><\/p>\n<p><span style=\"font-weight: 400;\">In Tibetan Buddhism, the first step is to start listening to teachings. It is through oral transmission that Buddhist wisdom is transmitted from master to student, reaching down to our days in an unbroken lineage. <\/span><\/div><\/div><\/div><\/div><h4 class=\"tab\"><div class=\"inner\">Where are the teachings offered?<\/div><\/h4><div class=\"pane\"><div class=\"inner\"><div class=\"row \"><div class=\"wpv-grid grid-1-1  first unextended\" style=\"padding-top:0px;padding-bottom:0px\" id=\"wpv-column-3c6c66ae26c6904a9fac1f806a5d09cf\" ><p><span style=\"font-weight: 400;\">At the Odsal Ling Temple in Cotia (SP) - directed by Lama Tsering Everest, Lama ordained by Chagdud Rinpoche and his interpreter for eleven years. Lama Tsering eventually also offers cycles of teachings in the city of S\u00e3o Paulo. In the context of the health crisis, the teachings have been transmitted through <a href=\"https:\/\/www.youtube.com\/videoodsalling\">Odsal Ling's YouTube channel<\/a> <\/span><span style=\"font-weight: 400;\">and retreats can also be offered online.<\/span><\/div><\/div><\/div><\/div><h4 class=\"tab\"><div class=\"inner\">What is a Lama?<\/div><\/h4><div class=\"pane\"><div class=\"inner\"><div class=\"row \"><div class=\"wpv-grid grid-1-1  first unextended\" style=\"padding-top:0px;padding-bottom:0px\" id=\"wpv-column-39c4b6321e7ca0a7a648493ea8dc89e8\" ><p><span style=\"font-weight: 400;\">In Vajrayana Buddhism, there are some titles to designate teachers.\u00a0<\/span><\/p>\n<p><span style=\"font-weight: 400;\">Lama is one of the titles that can be given to teachers in Vajrayana Buddhism.\u00a0 This word is similar to the Sanskrit term \"guru\". In Vajrayana Buddhism, the Lama is often a Tantric spiritual guide, the guru. He represents the Three Jewels \u2013 Buddha, Dharma, Sangha.\u00a0<\/span><\/p>\n<p><span style=\"font-weight: 400;\">The Tibetan word \"Lama\" means \"great mother\". The lama has the compassion like a mother, but not only towards her children, but also towards all beings. A lama is dedicated to giving teachings and guiding the students so that they may attain enlightenment. He\/she also dedicates his\/her practice to the benefit of all beings. A lama may have monastic vows or not. In Tibetan Buddhism, many lamas are not monks, they have long hair and are married, for example.\u00a0<\/span><\/p>\n<p><span style=\"font-weight: 400;\">Rinpoche is a term used in the Tibetan language and literally means \"precious\" and can be used to refer to a person, place or thing. In the context of Tibetan Buddhism, this title is used as a way of showing respect when referring to Dharma teachers recognized for their qualities.\u00a0\u00a0<\/span><\/p>\n<p><span style=\"font-weight: 400;\">Khenpo is a title given to a practitioner considered as a scholar. Generally, this title is awarded after a period of 13 years of intensive study, a period similar to the time required to obtain a doctoral degree at a western university. The degree is awarded to students who can publicly defend their scholarship and mastery in at least five subjects of Tibetan Indo-Buddhism, namely Praj\u00f1\u0101p\u0101ramit\u0101, Madhyamaka, Pramana, Abhidharma and Vinaya.<\/span><\/div><\/div><\/div><\/div><h4 class=\"tab\"><div class=\"inner\">When do the teachings take place?<\/div><\/h4><div class=\"pane\"><div class=\"inner\"><div class=\"row \"><div class=\"wpv-grid grid-1-1  first unextended\" style=\"padding-top:0px;padding-bottom:0px\" id=\"wpv-column-f3a78149f6b99d1b375b577cb8b06b31\" ><p><span style=\"font-weight: 400;\">Before coming to the Temple, it is recommended to check if the schedule was not changed for any reason. At this time of pandemic, we are closed to the public.\u00a0 However, traditionally on Sundays, at 10am, Lama Tsering offers free and open teachings in the Temple. During this health crisis, the teachings have been transmitted live on <a href=\"https:\/\/www.youtube.com\/videoodsalling\">YouTube channel of Odsal Ling.<\/a><\/span><\/p>\n<p><span style=\"font-weight: 400;\">Lama Tsering also usually gives teachings and retreats on many other days. Access the site regularly or sign up for our <a href=\"https:\/\/api.whatsapp.com\/send?phone=5511971777324\">WhatsApp<\/a> channel to receive our updated schedule.<\/span><\/div><\/div><\/div><\/div><h4 class=\"tab\"><div class=\"inner\">What kind of Buddhism is practiced at Odsal Ling?<\/div><\/h4><div class=\"pane\"><div class=\"inner\"><div class=\"row \"><div class=\"wpv-grid grid-1-1  first unextended\" style=\"padding-top:0px;padding-bottom:0px\" id=\"wpv-column-15a1b7b3163c6453c9ce5b417ac67ab9\" ><p align=\"left\"><span style=\"font-weight: 400;\">We practice Vajrayana Buddhism, from Nyingma school (which is the oldest Tibetan school). Among other Vajrayana meditation practices performed at Odsal Ling, there is the practice of Red Tara.<\/span><\/div><\/div><\/div><\/div><h4 class=\"tab\"><div class=\"inner\">What is the practice of Tara? Can I participate, even being a beginner?<\/div><\/h4><div class=\"pane\"><div class=\"inner\"><div class=\"row \"><div class=\"wpv-grid grid-1-1  first unextended\" style=\"padding-top:0px;padding-bottom:0px\" id=\"wpv-column-5df6c0fa94fe163ffd1ec4fd7eb61fb4\" ><p align=\"left\"><span style=\"font-weight: 400;\">The practice of Red Tara is an elevated Vajrayana meditation practice, done under the guidance of the Lama, through teachings and training over the years. However, even as a beginner you can do the concise practice of Red Tara.<\/span><\/div><\/div><\/div><\/div><h4 class=\"tab\"><div class=\"inner\">What is a puja?<\/div><\/h4><div class=\"pane\"><div class=\"inner\"><div class=\"row \"><div class=\"wpv-grid grid-1-1  first unextended\" style=\"padding-top:0px;padding-bottom:0px\" id=\"wpv-column-99416dc54d427d24dfad2eaf3e27b32c\" ><p><span style=\"font-weight: 400;\">Daily meditation practices are called puja. At Odsal Ling two pujas are performed daily, dedicated to specific meditation practices. These meditation practices involve reading a sadhana (sacred text that presents the means to realize our Buddha Nature), recitation of the mantras and\/or prayers, visualization and the use of instruments and objects. For some practices it is necessary to have initiation and to have received teachings from a teacher.<\/span><\/div><\/div><\/div><\/div><h4 class=\"tab\"><div class=\"inner\">Can I participate in the daily practices (pujas)?<\/div><\/h4><div class=\"pane\"><div class=\"inner\"><div class=\"row \"><div class=\"wpv-grid grid-1-1  first unextended\" style=\"padding-top:0px;padding-bottom:0px\" id=\"wpv-column-9c8d91b8156170d5b7b6d7f82170e313\" ><p><span style=\"font-weight: 400;\">At the beginning, we recommend participating in the concise Tara practice. When you are more familiar with it and have heard more teachings, you can find out how to participate in the other meditation practices.<\/span><\/div><\/div><\/div><\/div><h4 class=\"tab\"><div class=\"inner\">What is the next step?<\/div><\/h4><div class=\"pane\"><div class=\"inner\"><div class=\"row \"><div class=\"wpv-grid grid-1-1  first unextended\" style=\"padding-top:0px;padding-bottom:0px\" id=\"wpv-column-3447c1b7278991f47522f63810be96f7\" ><p><span style=\"font-weight: 400;\">After listening to the teachings and having contact with the practice of Red Tara, you can begin to deepen yourself. The best way to do this is to receive guidance from the Lama.<\/span><\/div><\/div><\/div><\/div><h4 class=\"tab\"><div class=\"inner\">How do I receive guidance from the Lama?<\/div><\/h4><div class=\"pane\"><div class=\"inner\"><div class=\"row \"><div class=\"wpv-grid grid-1-1  first unextended\" style=\"padding-top:0px;padding-bottom:0px\" id=\"wpv-column-0db9f497093ced94f8083beaeddb5075\" ><div class=\"page\" title=\"Page 2\">\n<div class=\"section\">\n<div class=\"layoutArea\">\n<div class=\"column\">\n<p><span style=\"font-weight: 400;\">Listening to the teachings and participating in retreats is the best way to approach the lama and the teachings. We have audio (<a href=\"https:\/\/soundcloud.com\/odsalling\">\u2192SoundCloud<\/a>), texts (<a href=\"https:\/\/odsalling.brdominio.com\/en\/ensinamentos\/para-ler\/\">\u2192For Reading<\/a>), and videos (<a href=\"https:\/\/www.youtube.com\/videoodsalling\">\u2192YouTube<\/a>) teachings. In addition, we also have the <a href=\"https:\/\/odsalling.brdominio.com\/en\/medialibrary\/\">Media Library<\/a> with numerous teachings and an online course called <a href=\"https:\/\/odsalling.brdominio.com\/en\/midiateca\/buddhist-path\/\">\"Embarking on the Buddhist Path\"<\/a>.\u00a0 In time, you will also be able to arrange a personal interview with Lama Tsering for guidance.<\/span><\/p>\n<\/div>\n<\/div>\n<\/div>\n<\/div><\/div><\/div><\/div><\/div><h4 class=\"tab\"><div class=\"inner\">Is there a protocol for entering the meditation room?<\/div><\/h4><div class=\"pane\"><div class=\"inner\"><div class=\"row \"><div class=\"wpv-grid grid-1-1  first unextended\" style=\"padding-top:0px;padding-bottom:0px\" id=\"wpv-column-a67173ec536d16cc5d960467677aa4df\" ><p><span style=\"font-weight: 400;\">When you visit the Temple, you will notice that many students do prostrations (bows) when entering the meditation room or when the lama enters the room. It is a way of paying homage and respect. It is traditional to do three prostrations, but you don't have to do them if you don't feel comfortable.<\/span><\/div><\/div><\/div><\/div><h4 class=\"tab\"><div class=\"inner\">Is there a recommendation for when you are inside the meditation room?<\/div><\/h4><div class=\"pane\"><div class=\"inner\"><div class=\"row \"><div class=\"wpv-grid grid-1-1  first unextended\" style=\"padding-top:0px;padding-bottom:0px\" id=\"wpv-column-39a64617316435e1c7a0ab027a80d57e\" ><p align=\"left\"><span style=\"font-weight: 400;\">Try to sit with your back straight. Don't point your feet to the altar, neither to the Lama nor to other practitioners. Do not place the sacred texts directly on the floor (use the countertop, or a pillow, when available) or pass over the stools or sacred texts and objects. Turn off the cell phone and avoid talking unnecessarily.<\/span><\/div><\/div><\/div><\/div><h4 class=\"tab\"><div class=\"inner\">Do I need to wear Buddhist clothing and special objects?<\/div><\/h4><div class=\"pane\"><div class=\"inner\"><div class=\"row \"><div class=\"wpv-grid grid-1-1  first unextended\" style=\"padding-top:0px;padding-bottom:0px\" id=\"wpv-column-6b716fb04258beb3bc0b9da8112ca6aa\" ><p><span style=\"font-weight: 400;\">Traditional clothes (tchuba and zen) are used in more elaborate ceremonies. To listen to teachings, you do not need to wear them. When you are more familiar with them, you can use tchuba and zen to do your meditation practice.<\/span><\/p>\n<p><span style=\"font-weight: 400;\">Objects such as bell, dorje and drum, which are traditional musical instruments in Tibet and are used during some ceremonies, are also common. However, their use is not mandatory.<\/span><\/p>\n<p><span style=\"font-weight: 400;\">Another very common object in practice is the mala, which is a string of beads used to count the recitation of mantras.<\/span><\/div><\/div><\/div><\/div><\/div><\/div><\/div><\/div>\n<div class=\"row \"><div class=\"wpv-grid grid-1-1  wpv-first-level first unextended\" style=\"padding-top:0px;padding-bottom:0px\" id=\"wpv-column-1743d1d29a1abe0fd3c36c2e64b9ef1c\" ><blockquote>\n<div class=\"page\" title=\"Page 2\">\n<div class=\"section\">\n<div class=\"layoutArea\">\n<div class=\"column\">\n<p>More important than any external object while doing meditation practice, however, is pure motivation - the intention that, by engaging in one's practice, one can help bring both temporary benefit and ultimate benefit to all beings.<\/p>\n<p><strong>May your practice flourish. May all beings be benefit!<\/strong><\/p>\n<\/div>\n<\/div>\n<\/div>\n<\/div>\n<\/blockquote><\/div><\/div>[\/vc_column_text][\/vc_column][\/vc_row]<\/p>\n","protected":false},"excerpt":{"rendered":"<p>[vc_row][vc_column][vc_column_text] More important than any external object while doing meditation practice, however, is pure motivation &#8211; the intention that, by engaging in one&#8217;s practice, one can help bring both temporary benefit and ultimate benefit to all beings. May your practice flourish. May all beings be benefit! [\/vc_column_text][\/vc_column][\/vc_row]<\/p>\n","protected":false},"author":3,"featured_media":0,"parent":26589,"menu_order":0,"comment_status":"closed","ping_status":"closed","template":"","meta":{"footnotes":""},"_links":{"self":[{"href":"https:\/\/odsalling.brdominio.com\/en\/wp-json\/wp\/v2\/pages\/25398"}],"collection":[{"href":"https:\/\/odsalling.brdominio.com\/en\/wp-json\/wp\/v2\/pages"}],"about":[{"href":"https:\/\/odsalling.brdominio.com\/en\/wp-json\/wp\/v2\/types\/page"}],"author":[{"embeddable":true,"href":"https:\/\/odsalling.brdominio.com\/en\/wp-json\/wp\/v2\/users\/3"}],"replies":[{"embeddable":true,"href":"https:\/\/odsalling.brdominio.com\/en\/wp-json\/wp\/v2\/comments?post=25398"}],"version-history":[{"count":5,"href":"https:\/\/odsalling.brdominio.com\/en\/wp-json\/wp\/v2\/pages\/25398\/revisions"}],"predecessor-version":[{"id":132191,"href":"https:\/\/odsalling.brdominio.com\/en\/wp-json\/wp\/v2\/pages\/25398\/revisions\/132191"}],"up":[{"embeddable":true,"href":"https:\/\/odsalling.brdominio.com\/en\/wp-json\/wp\/v2\/pages\/26589"}],"wp:attachment":[{"href":"https:\/\/odsalling.brdominio.com\/en\/wp-json\/wp\/v2\/media?parent=25398"}],"curies":[{"name":"wp","href":"https:\/\/api.w.org\/{rel}","templated":true}]}}