{"id":24408,"date":"2015-08-30T16:28:34","date_gmt":"2015-08-30T16:28:34","guid":{"rendered":"http:\/\/novosite.odsalling.org\/centro-urbano\/?lang=en"},"modified":"2015-12-06T17:01:52","modified_gmt":"2015-12-06T17:01:52","slug":"city-center","status":"publish","type":"page","link":"https:\/\/odsalling.brdominio.com\/en\/city-center\/","title":{"rendered":"City Center"},"content":{"rendered":"<div class=\"row \"><div class=\"wpv-grid grid-1-1  wpv-first-level first unextended\" style=\"padding-top:0px;padding-bottom:0px\" id=\"wpv-column-1d3f121a863db66981ea258ff6d42a04\" >\n\t<div class=\"frame\"><div id=\"google_map_452\" class=\"google_map\" style=\"height:400px;\"><\/div><\/div>\n\t<script type=\"text\/javascript\">\n\tjQuery(document).ready(function($) {\n\t\tjQuery(\"#google_map_452\").gMap({\n\t\t    zoom: 14,\n\n\n\t\t\t\t    markers:[{\n\t\t    \taddress: \"Alameda Bar\u00e3o de Limeira, 1193 - Campos El\u00edseos S\u00e3o Paulo - SP\",\n\t\t\t\tlatitude: 0,\n\t\t    \tlongitude: 0,\n\t\t    \thtml: '',\n\t\t    \tpopup: false\t\t\t}],\n\t\t\n\t\t\tcontrols: [],\n\t\t\tmaptype: 'ROADMAP',\n\t\t    scrollwheel:false,\n\t\t    custom: {\n\t\t\t    styles: [\n\t\t\t  \t\t{\n\t\t\t\t\t\tstylers: [\n\t\t\t\t \t\t\t{ inverse_lightness: false }\n\t\t\t\t \t\t\t\t\t\t\t\t\t]\n\t\t\t  \t\t}\n\t\t\t\t]\n\t\t\t}\n\t\t});\n\t});\n\t<\/script>\n\n<\/div><\/div>\n<div class=\"push\" style='height:30px'><\/div>\n<div class=\"row \"><div class=\"wpv-grid grid-1-1  wpv-first-level first unextended\" style=\"padding-top:0px;padding-bottom:0px\" id=\"wpv-column-2384b5f44b5db9cb9206500e204fb50e\" ><div class=\"wpv-accordion-wrapper\"><div class=\"accordion\" data-collapsible=\"1\"><h4 class=\"tab\"><div class=\"inner\">Address<\/div><\/h4><div class=\"pane\"><div class=\"inner\"><div class=\"row \"><div class=\"wpv-grid grid-1-1  first unextended\" style=\"padding-top:0px;padding-bottom:0px\" id=\"wpv-column-fdfe50294f0a4a4481048fb1e7baa7a2\" ><p>Al. Bar\u00e3o de Limeira, 1193<br \/>\nCampos El\u00edseos, S\u00e3o Paulo, SP -<br \/>\nBrazil - Zip Code 01202-002<\/div><\/div><\/div><\/div><\/div><\/div><\/div><\/div>\n\t\t<div class=\"sep-text single centered\">\n\t\t\t\t\t\t\t<span class=\"sep-text-before\"><div class=\"sep-text-line\"><\/div><\/span>\n\t\t\t\t\t\t<div class=\"content\">\n\t\t\t\t<h2 class=\"text-divider-double\">\nRegular Practices<br \/>\n<\/h2>\t\t\t<\/div>\n\t\t\t<span class=\"sep-text-after\"><div class=\"sep-text-line\"><\/div><\/span>\n\t\t\t\t\t<\/div>\n\t\n<div class=\"row \"><div class=\"wpv-grid grid-1-1  wpv-first-level first unextended\" style=\"padding-top:0px;padding-bottom:0px\" id=\"wpv-column-856cf217663c7ad89ad14c1ba3957134\" ><p><strong>Tuesdays<\/strong><br \/>\n\u2022 20h Red Tara practice (concise, in Portuguese)<\/div><\/div>\n","protected":false},"excerpt":{"rendered":"<p>Tuesdays \u2022 20h Red Tara practice (concise, in Portuguese)<\/p>\n","protected":false},"author":3,"featured_media":0,"parent":0,"menu_order":0,"comment_status":"closed","ping_status":"closed","template":"","meta":{"footnotes":""},"_links":{"self":[{"href":"https:\/\/odsalling.brdominio.com\/en\/wp-json\/wp\/v2\/pages\/24408"}],"collection":[{"href":"https:\/\/odsalling.brdominio.com\/en\/wp-json\/wp\/v2\/pages"}],"about":[{"href":"https:\/\/odsalling.brdominio.com\/en\/wp-json\/wp\/v2\/types\/page"}],"author":[{"embeddable":true,"href":"https:\/\/odsalling.brdominio.com\/en\/wp-json\/wp\/v2\/users\/3"}],"replies":[{"embeddable":true,"href":"https:\/\/odsalling.brdominio.com\/en\/wp-json\/wp\/v2\/comments?post=24408"}],"version-history":[{"count":0,"href":"https:\/\/odsalling.brdominio.com\/en\/wp-json\/wp\/v2\/pages\/24408\/revisions"}],"wp:attachment":[{"href":"https:\/\/odsalling.brdominio.com\/en\/wp-json\/wp\/v2\/media?parent=24408"}],"curies":[{"name":"wp","href":"https:\/\/api.w.org\/{rel}","templated":true}]}}