{"id":167603,"date":"2022-03-26T15:31:42","date_gmt":"2022-03-26T18:31:42","guid":{"rendered":"https:\/\/www.odsalling.org\/atividades-presenciais-no-odsal-ling\/"},"modified":"2022-09-28T11:03:05","modified_gmt":"2022-09-28T14:03:05","slug":"atividades-presenciais-no-odsal-ling","status":"publish","type":"page","link":"https:\/\/odsalling.brdominio.com\/en\/atividades-presenciais-no-odsal-ling\/","title":{"rendered":"In-person Activities at Odsal Ling"},"content":{"rendered":"<p>[vc_row][vc_column][vc_column_text]<\/p>\n<h2 style=\"text-align: center;\"><span style=\"color: #d14d42;\"><strong>In-person Activities at Odsal Ling<\/strong><\/span><\/h2>\n<hr \/>\n<h2><\/h2>\n<p>[\/vc_column_text][\/vc_column][\/vc_row][vc_row][vc_column width=\"1\/3\"][vc_cta h2=\"\" style=\"custom\" add_icon=\"left\" i_type=\"material\" i_icon_material=\"vc-material vc-material-security\" i_color=\"white\" i_background_style=\"rounded\" i_background_color=\"custom\" i_size=\"sm\" i_on_border=\"true\" i_custom_background_color=\"#d14d42\"]<\/p>\n<h4><span style=\"color: #666666;\"><strong>Safety Protocol<br \/>\n<\/strong><\/span><\/h4>\n<hr \/>\n<ul>\n<li>Maintain social distancing.<\/li>\n<li>Sit in the indicated places.<\/li>\n<li>Comply with arrival time (starting 30 min. before the activity) and departure time (right after the activity).<\/li>\n<li>Do not circulate in the restricted areas.<\/li>\n<\/ul>\n<p>[\/vc_cta][\/vc_column][vc_column width=\"2\/3\"][vc_tta_accordion][vc_tta_section title=\"Pujas\" tab_id=\"1648317722427-088aa790-e8bb\"][vc_column_text]<\/p>\n<ul>\n<li>Find out more about the <strong>hours<\/strong> and <strong>practices<\/strong> at each puja <a href=\"https:\/\/odsalling.brdominio.com\/en\/online-program-2\/\">\u2192 online schedule<\/a><\/li>\n<li>Find out more about possible changes to dates and times by subscribing to our mailing list on WhatsApp (+55 11 97177-7324)<\/li>\n<li>Also streamed online via Zoom<\/li>\n<li>No subscription required<\/li>\n<\/ul>\n<p><em>*If you wish to participate in a practice in person on holidays, check the practice schedule by contacting us: WhatsApp (+55 11 97177-7324) and Phone (+55 11 4703-4099).<\/em>[\/vc_column_text][\/vc_tta_section][vc_tta_section title=\"Concise Red Tara Practice\" tab_id=\"1648758934593-c5fc2f96-beef\"][vc_column_text]<\/p>\n<ul>\n<li>Hours: Tuesdays from 8 pm to 9 pm; Sundays from 8 am to 9 am. (UTC-3)<\/li>\n<li>Find out more about possible changes to dates and times by subscribing to our mailing list on WhatsApp (+55 11 97177-7324)<\/li>\n<li>Also streamed online via YouTube<\/li>\n<li>No subscription required<\/li>\n<\/ul>\n<p>[\/vc_column_text][\/vc_tta_section][vc_tta_section title=\"Tsogs\" tab_id=\"1648317722438-5f7db0b0-f302\"][vc_column_text]<\/p>\n<ul>\n<li>Find out more about dates and times by joining our transmission list on WhatsApp (+55 11 97177-7324)<\/li>\n<li>Also streamed online via Zoom<\/li>\n<li>No subscription required<\/li>\n<\/ul>\n<p>[\/vc_column_text][\/vc_tta_section][\/vc_tta_accordion][\/vc_column][\/vc_row][vc_row disable_element=\"yes\"][vc_column][vc_tta_accordion][vc_tta_section title=\"Pujas\" tab_id=\"1648414025542-932c110a-68bc\"][vc_column_text]<strong>Maximum capacity: 74 seats<\/strong><\/p>\n<ul>\n<li>Hours: Monday to Friday: 6am and 5pm; Saturday: 8am and 6pm; Sunday: 4pm.<\/li>\n<li>Find out more about the practices at each puja <a href=\"https:\/\/odsalling.brdominio.com\/en\/online-program-2\/\">\u2192 online schedule<\/a><\/li>\n<li>Find out more about possible changes to dates and times by subscribing to our mailing list on WhatsApp (+55 11 97177-7324)<\/li>\n<li>Also streamed online via Zoom<\/li>\n<li>No subscription required<\/li>\n<\/ul>\n<p>[\/vc_column_text][\/vc_tta_section][vc_tta_section title=\"Tsogs\" tab_id=\"1648414025576-2bd64c92-bab2\"][vc_column_text]<strong>Lota\u00e7\u00e3o m\u00e1xima: 74 lugares<\/strong><\/p>\n<ul>\n<li>Find out more about dates and times by joining our transmission list on WhatsApp (+55 11 97177-7324)<\/li>\n<li>Also streamed online via Zoom<\/li>\n<li>No subscription required<\/li>\n<\/ul>\n<p>[\/vc_column_text][\/vc_tta_section][vc_tta_section title=\"Domingo no Templo\" tab_id=\"1648414025611-da416f76-892e\"][vc_column_text]-<br \/>\n[\/vc_column_text][\/vc_tta_section][vc_tta_section title=\"Encontro com Lama Tsering\" tab_id=\"1648414025646-8657a490-0fd2\"][vc_column_text]<strong>Lota\u00e7\u00e3o m\u00e1xima: 74 lugares<\/strong><\/p>\n<ul>\n<li>Quarta-feira \u00e0s 19h \u2013 Ensinamento com Lama Tsering<\/li>\n<li>A tradu\u00e7\u00e3o s\u00f3 pode ser ouvida via Zoom, o ensinamento presencial \u00e9 em ingl\u00eas<\/li>\n<li>Pode n\u00e3o ocorrer toda quarta-feira - saiba a agenda em <a href=\"https:\/\/odsalling.brdominio.com\/en\/\">\u2192 nosso site<\/a><\/li>\n<li>Exige inscri\u00e7\u00e3o pr\u00e9via <a href=\"https:\/\/odsalling.brdominio.com\/en\/eventos\/meeting-with-lama-tsering\/\">\u2192 Saiba mais e inscreva-se<\/a><\/li>\n<li>Tamb\u00e9m transmitido via Zoom para inscritos<\/li>\n<\/ul>\n<p>[\/vc_column_text][\/vc_tta_section][vc_tta_section title=\"Ciclo de Ensinamentos - As palavras do meu professor perfeito\" tab_id=\"1648414025680-dc259e82-edeb\"][vc_column_text]<strong>Lota\u00e7\u00e3o m\u00e1xima: 74 lugares<\/strong><\/p>\n<ul>\n<li>S\u00e1bado \u00e0s 14h30 \u2013 Ensinamento com Lama Tsering<\/li>\n<li>A tradu\u00e7\u00e3o s\u00f3 pode ser ouvida via Zoom, o ensinamento presencial \u00e9 em ingl\u00eas<\/li>\n<li>Pode n\u00e3o ocorrer todo s\u00e1bado - saiba a agenda em <a href=\"https:\/\/odsalling.brdominio.com\/en\/\">\u2192 nosso site<\/a><\/li>\n<li>Exige inscri\u00e7\u00e3o pr\u00e9via e tem como pr\u00e9-requisito j\u00e1 ter recebido uma inicia\u00e7\u00e3o vajrayana <a href=\"https:\/\/odsalling.brdominio.com\/en\/eventos\/cycle-of-teachings\/\">\u2192 Saiba mais e inscreva-se<\/a><\/li>\n<li>Tamb\u00e9m transmitido via Zoom para inscritos<\/li>\n<\/ul>\n<p>[\/vc_column_text][\/vc_tta_section][\/vc_tta_accordion][\/vc_column][\/vc_row]<\/p>\n","protected":false},"excerpt":{"rendered":"<p>[vc_row][vc_column][vc_column_text] In-person Activities at Odsal Ling [\/vc_column_text][\/vc_column][\/vc_row][vc_row][vc_column width=&#8221;1\/3&#8243;][vc_cta h2=&#8221;&#8221; style=&#8221;custom&#8221; add_icon=&#8221;left&#8221; i_type=&#8221;material&#8221; i_icon_material=&#8221;vc-material vc-material-security&#8221; i_color=&#8221;white&#8221; i_background_style=&#8221;rounded&#8221; i_background_color=&#8221;custom&#8221; i_size=&#8221;sm&#8221; i_on_border=&#8221;true&#8221; i_custom_background_color=&#8221;#d14d42&#8243;] Safety Protocol Maintain social distancing. Sit in the indicated places. Comply with arrival time (starting 30 min. before the activity) and departure time (right after the activity). Do not circulate in the restricted areas. [\/vc_cta][\/vc_column][vc_column&#8230;<\/p>\n","protected":false},"author":3,"featured_media":0,"parent":0,"menu_order":0,"comment_status":"closed","ping_status":"closed","template":"","meta":{"footnotes":""},"_links":{"self":[{"href":"https:\/\/odsalling.brdominio.com\/en\/wp-json\/wp\/v2\/pages\/167603"}],"collection":[{"href":"https:\/\/odsalling.brdominio.com\/en\/wp-json\/wp\/v2\/pages"}],"about":[{"href":"https:\/\/odsalling.brdominio.com\/en\/wp-json\/wp\/v2\/types\/page"}],"author":[{"embeddable":true,"href":"https:\/\/odsalling.brdominio.com\/en\/wp-json\/wp\/v2\/users\/3"}],"replies":[{"embeddable":true,"href":"https:\/\/odsalling.brdominio.com\/en\/wp-json\/wp\/v2\/comments?post=167603"}],"version-history":[{"count":16,"href":"https:\/\/odsalling.brdominio.com\/en\/wp-json\/wp\/v2\/pages\/167603\/revisions"}],"predecessor-version":[{"id":182927,"href":"https:\/\/odsalling.brdominio.com\/en\/wp-json\/wp\/v2\/pages\/167603\/revisions\/182927"}],"wp:attachment":[{"href":"https:\/\/odsalling.brdominio.com\/en\/wp-json\/wp\/v2\/media?parent=167603"}],"curies":[{"name":"wp","href":"https:\/\/api.w.org\/{rel}","templated":true}]}}